{"id":158,"date":"2018-11-23T08:32:55","date_gmt":"2018-11-23T08:32:55","guid":{"rendered":"http:\/\/www.duerrenberger.li\/blog\/?page_id=158"},"modified":"2018-11-23T08:38:16","modified_gmt":"2018-11-23T08:38:16","slug":"und-was-ich-persoenlich-sonst-so-mache","status":"publish","type":"page","link":"http:\/\/www.duerrenberger.li\/blog\/?page_id=158","title":{"rendered":"Zu meiner Person&#8230;"},"content":{"rendered":"<p>Ich bin Mitarbeiter bei der TNC Consulting AG, die sich seit den 80iger Jahren f\u00fcr die Photovoltaik stark macht und in diesem Bereich viele interessante Projekte umgesetzt hat.<br \/>\n<a href=\"http:\/\/www.tnc.ch\" target=\"_blanc\">www.tnc.ch<\/a><\/p>\n<p>Mein Hauptaufgabengebiet ist allerdings im Bereich Energiesparen im Geb\u00e4ude. Da bin ich bei Effienergie AG f\u00fcr unsere Stromeffizienzprogramme, das Projekt &#8218;aus alt mach neu&#8216; mit EnergieSchweiz und weitere Projekte zust\u00e4ndig.<br \/>\n<a href=\"http:\/\/www.effienergie.ch\" target=\"_blanc\">www.effienergie.ch<\/a><\/p>\n<p>In meiner Freizeit steht die Gestaltung von Objekten, das Experimentieren mit Farbe und diversen Materialien, das Planen und das Bauen von M\u00f6beln oder theoretische \u00dcberlegungen im Bereich Architektur, Wissenschaft und Kultur und desssen Zusammenh\u00e4nge im Vordergrund.<br \/>\n<a href=\"http:\/\/www.duerrenberger.li\">www.duerrenberger.li<\/a><\/p>\n","protected":false},"excerpt":{"rendered":"<p>Ich bin Mitarbeiter bei der TNC Consulting AG, die sich seit den 80iger Jahren f\u00fcr die Photovoltaik stark macht und in diesem Bereich viele interessante Projekte umgesetzt hat. www.tnc.ch Mein Hauptaufgabengebiet ist allerdings im Bereich Energiesparen im Geb\u00e4ude. Da bin ich bei Effienergie AG f\u00fcr unsere Stromeffizienzprogramme, das Projekt &#8218;aus alt mach neu&#8216; mit EnergieSchweiz [&hellip;]<\/p>\n","protected":false},"author":1,"featured_media":0,"parent":0,"menu_order":0,"comment_status":"closed","ping_status":"closed","template":"","meta":{"footnotes":""},"_links":{"self":[{"href":"http:\/\/www.duerrenberger.li\/blog\/index.php?rest_route=\/wp\/v2\/pages\/158"}],"collection":[{"href":"http:\/\/www.duerrenberger.li\/blog\/index.php?rest_route=\/wp\/v2\/pages"}],"about":[{"href":"http:\/\/www.duerrenberger.li\/blog\/index.php?rest_route=\/wp\/v2\/types\/page"}],"author":[{"embeddable":true,"href":"http:\/\/www.duerrenberger.li\/blog\/index.php?rest_route=\/wp\/v2\/users\/1"}],"replies":[{"embeddable":true,"href":"http:\/\/www.duerrenberger.li\/blog\/index.php?rest_route=%2Fwp%2Fv2%2Fcomments&post=158"}],"version-history":[{"count":5,"href":"http:\/\/www.duerrenberger.li\/blog\/index.php?rest_route=\/wp\/v2\/pages\/158\/revisions"}],"predecessor-version":[{"id":168,"href":"http:\/\/www.duerrenberger.li\/blog\/index.php?rest_route=\/wp\/v2\/pages\/158\/revisions\/168"}],"wp:attachment":[{"href":"http:\/\/www.duerrenberger.li\/blog\/index.php?rest_route=%2Fwp%2Fv2%2Fmedia&parent=158"}],"curies":[{"name":"wp","href":"https:\/\/api.w.org\/{rel}","templated":true}]}}